{"id":182,"date":"2026-01-09T03:30:09","date_gmt":"2026-01-09T03:30:09","guid":{"rendered":"http:\/\/code.webrt.net\/nucewall\/?post_type=product&#038;p=182"},"modified":"2026-02-26T02:42:17","modified_gmt":"2026-02-26T02:42:17","slug":"tam-chong-nong-chinh-hang-viet-nam-8","status":"publish","type":"product","link":"http:\/\/code.webrt.net\/nucewall\/san-pham\/tam-chong-nong-chinh-hang-viet-nam-8\/","title":{"rendered":"Gi\u1ea3i ph\u00e1p t\u01b0\u1eddng r\u00e0o l\u1eafp gh\u00e9p Nucewall"},"content":{"rendered":"<h3>1. C\u1ea5u t\u1ea1o t\u01b0\u1eddng r\u00e0o Nucewall<\/h3>\n<p>T\u01b0\u1eddng r\u00e0o Nucewall bao g\u1ed3m 3 c\u1ea5u ki\u1ec7n:<\/p>\n<ul>\n<li>M\u00f3ng ch\u1eadu<\/li>\n<li>c\u1ed9t b\u00ea t\u00f4ng gi\u1eef \u1ee9ng l\u1ef1c<\/li>\n<li>t\u1ea5m t\u01b0\u1eddng Nucewall<\/li>\n<\/ul>\n<figure id=\"attachment_2514\" aria-describedby=\"caption-attachment-2514\" style=\"width: 600px\" class=\"wp-caption alignnone\"><img loading=\"lazy\" decoding=\"async\" class=\"wp-image-2514\" src=\"https:\/\/nucewall.vn\/wp-content\/uploads\/2024\/04\/1115-300x165.png\" alt=\"\" width=\"600\" height=\"331\" \/><figcaption id=\"caption-attachment-2514\" class=\"wp-caption-text\"><em>H\u00ecnh \u1ea3nh t\u01b0\u1eddng r\u00e0o Nucewall<\/em><\/figcaption><\/figure>\n<figure id=\"attachment_2659\" aria-describedby=\"caption-attachment-2659\" style=\"width: 600px\" class=\"wp-caption alignnone\"><img loading=\"lazy\" decoding=\"async\" class=\"wp-image-2659\" src=\"https:\/\/nucewall.vn\/wp-content\/uploads\/2024\/04\/Screenshot-2024-11-25-090235-300x214.png\" alt=\"\" width=\"600\" height=\"427\" \/><figcaption id=\"caption-attachment-2659\" class=\"wp-caption-text\">H\u00ecnh \u1ea3nh m\u1eb7t \u0111\u1ee9ng t\u01b0\u1eddng r\u00e0o Nucewall<\/figcaption><\/figure>\n<figure id=\"attachment_2660\" aria-describedby=\"caption-attachment-2660\" style=\"width: 600px\" class=\"wp-caption alignnone\"><img loading=\"lazy\" decoding=\"async\" class=\"wp-image-2660\" src=\"https:\/\/nucewall.vn\/wp-content\/uploads\/2024\/04\/Screenshot-2024-11-25-090315-183x300.png\" alt=\"\" width=\"600\" height=\"982\" \/><figcaption id=\"caption-attachment-2660\" class=\"wp-caption-text\"><em>H\u00ecnh \u1ea3nh m\u0103t c\u1ea1nh t\u01b0\u1eddng r\u00e0o.<\/em><\/figcaption><\/figure>\n<p>&nbsp;<\/p>\n<p><strong><span style=\"color: #0000ff;\">M\u00f3ng ch\u1eadu:<\/span><\/strong><\/p>\n<p>M\u00f3ng ch\u1eadu \u0111\u01b0\u1ee3c \u0111\u00fac t\u1eeb b\u00ea t\u00f4ng M\u00e1c 250, s\u1eed d\u1ee5ng khung th\u00e9p D6, l\u1ed7 ch\u1edd c\u1ed9t gi\u1eef \u1ee9ng l\u1ef1c k\u00edch th\u01b0\u1edbc 240x220mm:<\/p>\n<figure id=\"attachment_2652\" aria-describedby=\"caption-attachment-2652\" style=\"width: 600px\" class=\"wp-caption alignnone\"><img loading=\"lazy\" decoding=\"async\" class=\"wp-image-2652\" src=\"https:\/\/nucewall.vn\/wp-content\/uploads\/2024\/04\/Screenshot-2024-11-25-083307-300x225.png\" alt=\"\" width=\"600\" height=\"450\" \/><figcaption id=\"caption-attachment-2652\" class=\"wp-caption-text\"><em>H\u00ecnh \u1ea3nh 3D m\u00f3ng ch\u1eadu<\/em><\/figcaption><\/figure>\n<figure id=\"attachment_2653\" aria-describedby=\"caption-attachment-2653\" style=\"width: 600px\" class=\"wp-caption alignnone\"><img loading=\"lazy\" decoding=\"async\" class=\"wp-image-2653\" src=\"https:\/\/nucewall.vn\/wp-content\/uploads\/2024\/04\/Screenshot-2024-11-25-083318-300x250.png\" alt=\"\" width=\"600\" height=\"499\" \/><figcaption id=\"caption-attachment-2653\" class=\"wp-caption-text\"><em>H\u00ecnh \u1ea3nh m\u1eb7t c\u1eaft m\u00f3ng ch\u1eadu<\/em><\/figcaption><\/figure>\n<figure id=\"attachment_2654\" aria-describedby=\"caption-attachment-2654\" style=\"width: 600px\" class=\"wp-caption alignnone\"><img loading=\"lazy\" decoding=\"async\" class=\"wp-image-2654\" src=\"https:\/\/nucewall.vn\/wp-content\/uploads\/2024\/04\/Screenshot-2024-11-25-083338-300x181.png\" alt=\"\" width=\"600\" height=\"362\" \/><figcaption id=\"caption-attachment-2654\" class=\"wp-caption-text\"><em>H\u00ecnh \u1ea3nh m\u1eb7t c\u1ea1nh m\u00f3ng ch\u1eadu<\/em><\/figcaption><\/figure>\n<figure id=\"attachment_2655\" aria-describedby=\"caption-attachment-2655\" style=\"width: 600px\" class=\"wp-caption alignnone\"><img loading=\"lazy\" decoding=\"async\" class=\"wp-image-2655\" src=\"https:\/\/nucewall.vn\/wp-content\/uploads\/2024\/04\/Screenshot-2024-11-25-083408-300x218.png\" alt=\"\" width=\"600\" height=\"436\" \/><figcaption id=\"caption-attachment-2655\" class=\"wp-caption-text\"><em>H\u00ecnh \u1ea3nh m\u1eb7t b\u1eb1ng m\u00f3ng ch\u1eadu<\/em><\/figcaption><\/figure>\n<figure id=\"attachment_2656\" aria-describedby=\"caption-attachment-2656\" style=\"width: 600px\" class=\"wp-caption alignnone\"><img loading=\"lazy\" decoding=\"async\" class=\"wp-image-2656\" src=\"https:\/\/nucewall.vn\/wp-content\/uploads\/2024\/04\/Screenshot-2024-11-25-083543-300x236.png\" alt=\"\" width=\"600\" height=\"473\" \/><figcaption id=\"caption-attachment-2656\" class=\"wp-caption-text\"><em>H\u00ecnh \u1ea3nh b\u1ed1 tr\u00ed th\u00e9p m\u00f3ng ch\u1eadu.<\/em><\/figcaption><\/figure>\n<p>&nbsp;<\/p>\n<p><strong><span style=\"color: #0000ff;\">C\u1ed9t b\u00ea t\u00f4ng gi\u1eef \u1ee9ng l\u1ef1c:<\/span><\/strong><\/p>\n<p>C\u1ed9t b\u00ea t\u00f4ng gi\u1eef \u1ee9ng l\u1ef1c c\u00f3 k\u00edch th\u01b0\u1edbc 200x220mm, \u0111\u01b0\u1ee3c c\u1ea5u t\u1ea1o t\u1eeb b\u00ea t\u00f4ng M\u00e1c 450, c\u00e1p th\u00e9p D7.1 \u0111\u01b0\u1ee3c gi\u1eef \u1ee9ng l\u1ef1c tr\u01b0\u1edbc gi\u00fap t\u0103ng kh\u1ea3 n\u0103ng ch\u1ecbu t\u1ea3i c\u1ee7a c\u1ed9t.<\/p>\n<figure id=\"attachment_2657\" aria-describedby=\"caption-attachment-2657\" style=\"width: 600px\" class=\"wp-caption alignnone\"><img loading=\"lazy\" decoding=\"async\" class=\"wp-image-2657\" src=\"https:\/\/nucewall.vn\/wp-content\/uploads\/2024\/04\/Screenshot-2024-11-25-085025-300x199.png\" alt=\"\" width=\"600\" height=\"398\" \/><figcaption id=\"caption-attachment-2657\" class=\"wp-caption-text\"><em>H\u00ecnh \u1ea3nh 3D c\u1ed9t t\u01b0\u1eddng r\u00e0o gi\u1eef \u1ee9ng l\u1ef1c<\/em><\/figcaption><\/figure>\n<figure id=\"attachment_2658\" aria-describedby=\"caption-attachment-2658\" style=\"width: 600px\" class=\"wp-caption alignnone\"><img loading=\"lazy\" decoding=\"async\" class=\"wp-image-2658\" src=\"https:\/\/nucewall.vn\/wp-content\/uploads\/2024\/04\/Screenshot-2024-11-25-085043-300x294.png\" alt=\"\" width=\"600\" height=\"589\" \/><figcaption id=\"caption-attachment-2658\" class=\"wp-caption-text\"><em>H\u00ecnh \u1ea3nh m\u1eb7t c\u1eaft c\u1ed9t t\u01b0\u1eddng r\u00e0o gi\u1eef \u1ee9ng l\u1ef1c.<\/em><\/figcaption><\/figure>\n<p>&nbsp;<\/p>\n<p><strong><span style=\"color: #0000ff;\">T\u1ea5m t\u01b0\u1eddng Nucewall:<\/span><\/strong><\/p>\n<p>T\u1ea5m t\u01b0\u1eddng Nucewall \u0111\u01b0\u1ee3c c\u1ea5u t\u1ea1o t\u1eeb b\u00ea t\u00f4ng eps v\u00e0 c\u1ed1t th\u00e9p D3, k\u00edch th\u01b0\u1edbc c\u00f3 2 modun chi\u1ec1u d\u00e0i ch\u00ednh l\u00e0 2000 v\u00e0 2600mm. \u0111\u1ed9 d\u00e0y 70mm v\u00e0 chi\u1ec1u r\u1ed9ng l\u00e0 500mm.<\/p>\n<figure id=\"attachment_2662\" aria-describedby=\"caption-attachment-2662\" style=\"width: 600px\" class=\"wp-caption alignnone\"><img loading=\"lazy\" decoding=\"async\" class=\"wp-image-2662\" src=\"https:\/\/nucewall.vn\/wp-content\/uploads\/2024\/04\/11221-300x166.png\" alt=\"\" width=\"600\" height=\"332\" \/><figcaption id=\"caption-attachment-2662\" class=\"wp-caption-text\"><em>H\u00ecnh \u1ea3nh 3D c\u1ea5u t\u1ea1o t\u01b0\u1eddng Nucewall<\/em><\/figcaption><\/figure>\n<figure id=\"attachment_2663\" aria-describedby=\"caption-attachment-2663\" style=\"width: 600px\" class=\"wp-caption alignnone\"><img loading=\"lazy\" decoding=\"async\" class=\"wp-image-2663\" src=\"https:\/\/nucewall.vn\/wp-content\/uploads\/2024\/04\/Screenshot-2024-11-25-090950-300x109.png\" alt=\"\" width=\"600\" height=\"218\" \/><figcaption id=\"caption-attachment-2663\" class=\"wp-caption-text\"><em>H\u00ecnh \u1ea3nh m\u1eb7t c\u1eaft t\u1ea7m t\u01b0\u1eddng Nucewall.<\/em><\/figcaption><\/figure>\n<p><em><span style=\"color: #0000ff;\">T\u1ea5t c\u1ea3 nh\u1eefng c\u1ea5u ki\u1ec7n \u0111\u1ec1u c\u00f3 th\u1ec3 \u0111\u01b0\u1ee3c thay \u0111\u1ed5i theo y\u00eau c\u1ea7u thi\u1ebft k\u1ebf c\u1ee7a ch\u1ee7 \u0111\u1ea7u t\u01b0.<\/span><\/em><\/p>\n<p>&nbsp;<\/p>\n<h3>2. L\u00fd do b\u1ea1n n\u00ean ch\u1ecdn t\u01b0\u1eddng r\u00e0o Nucewall<\/h3>\n<p><strong><span style=\"color: #0000ff;\">Th\u1eddi gian thi c\u00f4ng nhanh ch\u00f3ng, t\u1ed1i \u01b0u v\u1ec1 chi ph\u00ed.<\/span><\/strong><\/p>\n<p>To\u00e0n b\u1ed9 c\u00e1c c\u1ea5u ki\u1ec7n \u0111\u00e3 \u0111\u01b0\u1ee3c \u0111\u00fac s\u1eb5n t\u1ea1i Nh\u00e0 m\u00e1y s\u1ea3n xu\u1ea5t B\u00ea t\u00f4ng nh\u1eb9 Nucewall, n\u00ean khi chuy\u1ec3n v\u1eadt t\u01b0 v\u1ea7n c\u00f4ng tr\u01b0\u1eddng s\u1ebd ch\u1ec9 vi\u1ec7c l\u1eafp \u0111\u1eb7t theo b\u1ea3n v\u1ebd.<\/p>\n<p><span style=\"color: #0000ff;\"><strong>Thi c\u00f4ng d\u1ec5 d\u00e0ng, nhanh ch\u00f3ng ti\u1ec7n l\u1ee3i.<\/strong><\/span><\/p>\n<p>To\u00e0n b\u1ed9 vi\u1ec7c thi c\u00f4ng l\u1eafp \u0111\u1eb7t t\u01b0\u1eddng r\u00e0o \u0111\u00fac s\u1eb5n Nucewall s\u1ebd do c\u01a1 gi\u1edbi th\u1ef1c hi\u1ec7n, gi\u00fap gi\u1ea3m t\u1ea3i v\u1ec1 chi ph\u00ed nh\u00e2n c\u00f4ng.<\/p>\n<p><span style=\"color: #0000ff;\"><strong>Linh ho\u1ea1t thay \u0111\u1ed5i thi\u1ebft k\u1ebf, ph\u00f9 h\u1ee3p v\u1edbi nhi\u1ec1u \u0111i\u1ec1u ki\u1ec7n thi c\u00f4ng.<\/strong><\/span><\/p>\n<p>Khi thay \u0111\u1ed5i thi\u1ebft k\u1ebf, Nucewall c\u00f3 \u0111\u1ed9i ng\u0169 chuy\u00ean t\u00ednh to\u00e1n t\u1ea3i tr\u1ecdng cho vi\u1ec7c t\u00ednh to\u00e1n kh\u1ea3 n\u0103ng ch\u1ecbu t\u1ea3i.<\/p>\n<p><span style=\"color: #0000ff;\"><strong>Gi\u00e1 th\u00e0nh c\u1ea1nh tranh.<\/strong><\/span><\/p>\n<p>Gi\u00e1 th\u00e0nh c\u1ee7a t\u01b0\u1eddng r\u00e0o l\u1eafp gh\u00e9p Nucewall r\u1ea5t c\u1ea1nh tranh so v\u1edbi c\u00e1c s\u1ea3n ph\u1ea9m t\u01b0\u1eddng r\u00e0o kh\u00e1c n\u00ean b\u1ea1n ho\u00e0n to\u00e0n th\u1ea5y s\u1ea3n ph\u1ea9m x\u1ee9ng \u0111\u00e1ng v\u1edbi nh\u1eefng g\u00ec b\u1ea1n mong \u0111\u1ee3i.<\/p>\n<p><span style=\"color: #0000ff;\"><strong>L\u00e0 v\u1eadt li\u1ec7u kh\u00f4ng nung, th\u00e2n thi\u1ec7n v\u1edbi m\u00f4i tr\u01b0\u1eddng.<\/strong><\/span><\/p>\n<p><span style=\"color: #000000;\">Do \u0111\u01b0\u1ee3c l\u00e0m t\u1eeb xi m\u0103ng, h\u1ea1t EPS, c\u00e1t v\u00e0 ph\u1ee5 gia do \u0111\u00f3 c\u1ea3 qu\u00e1 tr\u00ecnh s\u1ea3n xu\u1ea5t kh\u00f4ng ph\u00e1t sinh kh\u00ed th\u1ea3i, \u0111\u1ea3m b\u1ea3o an to\u00e0n cho m\u00f4i tr\u01b0\u1eddng. \u0110\u1ed3ng th\u1eddi, t\u1ea5m t\u01b0\u1eddng b\u00ea t\u00f4ng nh\u1eb9 Nucewall c\u0169ng kh\u00f4ng h\u1ec1 c\u00f3 nh\u1eefng ch\u1ea5t \u0111\u1ed9c h\u1ea1i, \u0111\u1ea3m b\u1ea3o s\u1ee9c kh\u1ecfe cho ng\u01b0\u1eddi s\u1eed d\u1ee5ng.<\/span><\/p>\n<p><img loading=\"lazy\" decoding=\"async\" class=\"alignnone wp-image-1650\" src=\"https:\/\/nucewall.vn\/wp-content\/uploads\/2018\/05\/9-lang-gach-mang-thit-mytour-7-300x200.jpg\" alt=\"\" width=\"399\" height=\"266\" \/><\/p>\n<p>&nbsp;<\/p>\n<h3>3. M\u1ed9t s\u1ed1 h\u00ecnh \u1ea3nh thi c\u00f4ng t\u01b0\u1eddng r\u00e0o Nucewall<\/h3>\n<p><img loading=\"lazy\" decoding=\"async\" class=\"wp-image-2667 alignnone\" src=\"https:\/\/nucewall.vn\/wp-content\/uploads\/2024\/04\/11224-300x225.png\" alt=\"\" width=\"600\" height=\"450\" \/> <img loading=\"lazy\" decoding=\"async\" class=\"wp-image-2666 alignnone\" src=\"https:\/\/nucewall.vn\/wp-content\/uploads\/2024\/04\/11223-300x225.png\" alt=\"\" width=\"600\" height=\"450\" \/> <img loading=\"lazy\" decoding=\"async\" class=\"wp-image-2669 alignnone\" src=\"https:\/\/nucewall.vn\/wp-content\/uploads\/2024\/04\/11226-300x225.png\" alt=\"\" width=\"600\" height=\"450\" \/> <img loading=\"lazy\" decoding=\"async\" class=\"wp-image-2668 alignnone\" src=\"https:\/\/nucewall.vn\/wp-content\/uploads\/2024\/04\/11225-300x225.png\" alt=\"\" width=\"600\" height=\"450\" \/> <img loading=\"lazy\" decoding=\"async\" class=\"wp-image-2665 alignnone\" src=\"https:\/\/nucewall.vn\/wp-content\/uploads\/2024\/04\/11222-300x225.png\" alt=\"\" width=\"600\" height=\"450\" \/> <img loading=\"lazy\" decoding=\"async\" class=\"wp-image-2681 alignnone\" src=\"https:\/\/nucewall.vn\/wp-content\/uploads\/2024\/04\/1122-1-300x225.png\" alt=\"\" width=\"600\" height=\"450\" \/> <img loading=\"lazy\" decoding=\"async\" class=\"wp-image-2664 alignnone\" src=\"https:\/\/nucewall.vn\/wp-content\/uploads\/2024\/04\/11221-1-300x225.png\" alt=\"\" width=\"600\" height=\"450\" \/> <img loading=\"lazy\" decoding=\"async\" class=\"wp-image-2672 alignnone\" src=\"https:\/\/nucewall.vn\/wp-content\/uploads\/2024\/04\/11229-300x225.png\" alt=\"\" width=\"600\" height=\"450\" \/> <img loading=\"lazy\" decoding=\"async\" class=\"wp-image-2677 alignnone\" src=\"https:\/\/nucewall.vn\/wp-content\/uploads\/2024\/04\/112215-300x225.png\" alt=\"\" width=\"600\" height=\"450\" \/> <img loading=\"lazy\" decoding=\"async\" class=\"wp-image-2678 alignnone\" src=\"https:\/\/nucewall.vn\/wp-content\/uploads\/2024\/04\/112216-300x225.png\" alt=\"\" width=\"600\" height=\"450\" \/> <img loading=\"lazy\" decoding=\"async\" class=\"wp-image-2679 alignnone\" src=\"https:\/\/nucewall.vn\/wp-content\/uploads\/2024\/04\/112217-300x225.png\" alt=\"\" width=\"600\" height=\"450\" \/><img loading=\"lazy\" decoding=\"async\" class=\"wp-image-2676 alignnone\" src=\"https:\/\/nucewall.vn\/wp-content\/uploads\/2024\/04\/112214-300x169.png\" alt=\"\" width=\"600\" height=\"338\" \/><\/p>\n<p><img loading=\"lazy\" decoding=\"async\" class=\"wp-image-2683 alignnone\" src=\"https:\/\/nucewall.vn\/wp-content\/uploads\/2024\/04\/112213-300x169.png\" alt=\"\" width=\"600\" height=\"338\" \/><img loading=\"lazy\" decoding=\"async\" class=\"wp-image-2746 alignnone\" src=\"https:\/\/nucewall.vn\/wp-content\/uploads\/2024\/04\/12271-300x169.png\" alt=\"\" width=\"600\" height=\"338\" \/> <img loading=\"lazy\" decoding=\"async\" class=\"wp-image-2747 alignnone\" src=\"https:\/\/nucewall.vn\/wp-content\/uploads\/2024\/04\/12272-300x169.png\" alt=\"\" width=\"600\" height=\"338\" \/> <img loading=\"lazy\" decoding=\"async\" class=\"wp-image-2748 alignnone\" src=\"https:\/\/nucewall.vn\/wp-content\/uploads\/2024\/04\/1227-300x169.png\" alt=\"\" width=\"600\" height=\"338\" \/><\/p>\n<p>&nbsp;<\/p>\n<p><em><a href=\"https:\/\/nucewall.vn\/wp-content\/uploads\/2024\/04\/240916-Catalogue-Tuong-rao.pdf\">240916 &#8211; Catalogue Tuong rao Nucewall<\/a><\/em><\/p>\n","protected":false},"excerpt":{"rendered":"<p>1. C\u1ea5u t\u1ea1o t\u01b0\u1eddng r\u00e0o Nucewall T\u01b0\u1eddng r\u00e0o Nucewall bao g\u1ed3m 3 c\u1ea5u ki\u1ec7n: M\u00f3ng ch\u1eadu c\u1ed9t b\u00ea t\u00f4ng gi\u1eef \u1ee9ng l\u1ef1c t\u1ea5m t\u01b0\u1eddng Nucewall &nbsp; M\u00f3ng ch\u1eadu: M\u00f3ng ch\u1eadu \u0111\u01b0\u1ee3c \u0111\u00fac t\u1eeb b\u00ea t\u00f4ng M\u00e1c 250, s\u1eed d\u1ee5ng khung th\u00e9p D6, l\u1ed7 ch\u1edd c\u1ed9t gi\u1eef \u1ee9ng l\u1ef1c k\u00edch th\u01b0\u1edbc 240x220mm: &nbsp; C\u1ed9t b\u00ea t\u00f4ng&#8230;<\/p>\n","protected":false},"featured_media":586,"comment_status":"open","ping_status":"closed","template":"","meta":[],"product_brand":[],"product_cat":[15],"product_tag":[],"class_list":{"0":"post-182","1":"product","2":"type-product","3":"status-publish","4":"has-post-thumbnail","6":"product_cat-tuong-rao-lap-ghep-nucewall","8":"first","9":"instock","10":"virtual","11":"product-type-simple"},"yoast_head":"<!-- This site is optimized with the Yoast SEO plugin v26.7 - https:\/\/yoast.com\/wordpress\/plugins\/seo\/ -->\n<title>Gi\u1ea3i ph\u00e1p t\u01b0\u1eddng r\u00e0o l\u1eafp gh\u00e9p Nucewall - C\u00d4NG TY C\u1ed4 PH\u1ea6N T\u01af\u1edcNG NH\u1eb8 NUCEWALL<\/title>\n<meta name=\"robots\" content=\"noindex, follow, max-snippet:-1, max-image-preview:large, max-video-preview:-1\" \/>\n<meta property=\"og:locale\" content=\"vi_VN\" \/>\n<meta property=\"og:type\" content=\"article\" \/>\n<meta property=\"og:title\" content=\"Gi\u1ea3i ph\u00e1p t\u01b0\u1eddng r\u00e0o l\u1eafp gh\u00e9p Nucewall - C\u00d4NG TY C\u1ed4 PH\u1ea6N T\u01af\u1edcNG NH\u1eb8 NUCEWALL\" \/>\n<meta property=\"og:description\" content=\"1. C\u1ea5u t\u1ea1o t\u01b0\u1eddng r\u00e0o Nucewall T\u01b0\u1eddng r\u00e0o Nucewall bao g\u1ed3m 3 c\u1ea5u ki\u1ec7n: M\u00f3ng ch\u1eadu c\u1ed9t b\u00ea t\u00f4ng gi\u1eef \u1ee9ng l\u1ef1c t\u1ea5m t\u01b0\u1eddng Nucewall &nbsp; M\u00f3ng ch\u1eadu: M\u00f3ng ch\u1eadu \u0111\u01b0\u1ee3c \u0111\u00fac t\u1eeb b\u00ea t\u00f4ng M\u00e1c 250, s\u1eed d\u1ee5ng khung th\u00e9p D6, l\u1ed7 ch\u1edd c\u1ed9t gi\u1eef \u1ee9ng l\u1ef1c k\u00edch th\u01b0\u1edbc 240x220mm: &nbsp; C\u1ed9t b\u00ea t\u00f4ng...\" \/>\n<meta property=\"og:url\" content=\"http:\/\/code.webrt.net\/nucewall\/san-pham\/tam-chong-nong-chinh-hang-viet-nam-8\/\" \/>\n<meta property=\"og:site_name\" content=\"C\u00d4NG TY C\u1ed4 PH\u1ea6N T\u01af\u1edcNG NH\u1eb8 NUCEWALL\" \/>\n<meta property=\"article:modified_time\" content=\"2026-02-26T02:42:17+00:00\" \/>\n<meta property=\"og:image\" content=\"http:\/\/code.webrt.net\/nucewall\/wp-content\/uploads\/2026\/01\/z4994819567716_a03949627044e12e84c183160417281e-e1772073717488.jpg\" \/>\n\t<meta property=\"og:image:width\" content=\"1218\" \/>\n\t<meta property=\"og:image:height\" content=\"960\" \/>\n\t<meta property=\"og:image:type\" content=\"image\/jpeg\" \/>\n<meta name=\"twitter:card\" content=\"summary_large_image\" \/>\n<meta name=\"twitter:label1\" content=\"\u01af\u1edbc t\u00ednh th\u1eddi gian \u0111\u1ecdc\" \/>\n\t<meta name=\"twitter:data1\" content=\"9 ph\u00fat\" \/>\n<script type=\"application\/ld+json\" class=\"yoast-schema-graph\">{\"@context\":\"https:\/\/schema.org\",\"@graph\":[{\"@type\":\"WebPage\",\"@id\":\"http:\/\/code.webrt.net\/nucewall\/san-pham\/tam-chong-nong-chinh-hang-viet-nam-8\/\",\"url\":\"http:\/\/code.webrt.net\/nucewall\/san-pham\/tam-chong-nong-chinh-hang-viet-nam-8\/\",\"name\":\"Gi\u1ea3i ph\u00e1p t\u01b0\u1eddng r\u00e0o l\u1eafp gh\u00e9p Nucewall - C\u00d4NG TY C\u1ed4 PH\u1ea6N T\u01af\u1edcNG NH\u1eb8 NUCEWALL\",\"isPartOf\":{\"@id\":\"http:\/\/code.webrt.net\/nucewall\/#website\"},\"primaryImageOfPage\":{\"@id\":\"http:\/\/code.webrt.net\/nucewall\/san-pham\/tam-chong-nong-chinh-hang-viet-nam-8\/#primaryimage\"},\"image\":{\"@id\":\"http:\/\/code.webrt.net\/nucewall\/san-pham\/tam-chong-nong-chinh-hang-viet-nam-8\/#primaryimage\"},\"thumbnailUrl\":\"http:\/\/code.webrt.net\/nucewall\/wp-content\/uploads\/2026\/01\/z4994819567716_a03949627044e12e84c183160417281e-e1772073717488.jpg\",\"datePublished\":\"2026-01-09T03:30:09+00:00\",\"dateModified\":\"2026-02-26T02:42:17+00:00\",\"breadcrumb\":{\"@id\":\"http:\/\/code.webrt.net\/nucewall\/san-pham\/tam-chong-nong-chinh-hang-viet-nam-8\/#breadcrumb\"},\"inLanguage\":\"vi\",\"potentialAction\":[{\"@type\":\"ReadAction\",\"target\":[\"http:\/\/code.webrt.net\/nucewall\/san-pham\/tam-chong-nong-chinh-hang-viet-nam-8\/\"]}]},{\"@type\":\"ImageObject\",\"inLanguage\":\"vi\",\"@id\":\"http:\/\/code.webrt.net\/nucewall\/san-pham\/tam-chong-nong-chinh-hang-viet-nam-8\/#primaryimage\",\"url\":\"http:\/\/code.webrt.net\/nucewall\/wp-content\/uploads\/2026\/01\/z4994819567716_a03949627044e12e84c183160417281e-e1772073717488.jpg\",\"contentUrl\":\"http:\/\/code.webrt.net\/nucewall\/wp-content\/uploads\/2026\/01\/z4994819567716_a03949627044e12e84c183160417281e-e1772073717488.jpg\",\"width\":1218,\"height\":960},{\"@type\":\"BreadcrumbList\",\"@id\":\"http:\/\/code.webrt.net\/nucewall\/san-pham\/tam-chong-nong-chinh-hang-viet-nam-8\/#breadcrumb\",\"itemListElement\":[{\"@type\":\"ListItem\",\"position\":1,\"name\":\"Trang ch\u1ee7\",\"item\":\"http:\/\/code.webrt.net\/nucewall\/\"},{\"@type\":\"ListItem\",\"position\":2,\"name\":\"S\u1ea3n ph\u1ea9m\",\"item\":\"http:\/\/code.webrt.net\/nucewall\/san-pham\/\"},{\"@type\":\"ListItem\",\"position\":3,\"name\":\"T\u01b0\u1eddng r\u00e0o l\u1eafp gh\u00e9p Nucewall\",\"item\":\"http:\/\/code.webrt.net\/nucewall\/danh-muc-san-pham\/tuong-rao-lap-ghep-nucewall\/\"},{\"@type\":\"ListItem\",\"position\":4,\"name\":\"Gi\u1ea3i ph\u00e1p t\u01b0\u1eddng r\u00e0o l\u1eafp gh\u00e9p Nucewall\"}]},{\"@type\":\"WebSite\",\"@id\":\"http:\/\/code.webrt.net\/nucewall\/#website\",\"url\":\"http:\/\/code.webrt.net\/nucewall\/\",\"name\":\"C\u00d4NG TY C\u1ed4 PH\u1ea6N T\u01af\u1edcNG NH\u1eb8 NUCEWALL\",\"description\":\"\",\"potentialAction\":[{\"@type\":\"SearchAction\",\"target\":{\"@type\":\"EntryPoint\",\"urlTemplate\":\"http:\/\/code.webrt.net\/nucewall\/?s={search_term_string}\"},\"query-input\":{\"@type\":\"PropertyValueSpecification\",\"valueRequired\":true,\"valueName\":\"search_term_string\"}}],\"inLanguage\":\"vi\"}]}<\/script>\n<!-- \/ Yoast SEO plugin. -->","yoast_head_json":{"title":"Gi\u1ea3i ph\u00e1p t\u01b0\u1eddng r\u00e0o l\u1eafp gh\u00e9p Nucewall - C\u00d4NG TY C\u1ed4 PH\u1ea6N T\u01af\u1edcNG NH\u1eb8 NUCEWALL","robots":{"index":"noindex","follow":"follow","max-snippet":"max-snippet:-1","max-image-preview":"max-image-preview:large","max-video-preview":"max-video-preview:-1"},"og_locale":"vi_VN","og_type":"article","og_title":"Gi\u1ea3i ph\u00e1p t\u01b0\u1eddng r\u00e0o l\u1eafp gh\u00e9p Nucewall - C\u00d4NG TY C\u1ed4 PH\u1ea6N T\u01af\u1edcNG NH\u1eb8 NUCEWALL","og_description":"1. C\u1ea5u t\u1ea1o t\u01b0\u1eddng r\u00e0o Nucewall T\u01b0\u1eddng r\u00e0o Nucewall bao g\u1ed3m 3 c\u1ea5u ki\u1ec7n: M\u00f3ng ch\u1eadu c\u1ed9t b\u00ea t\u00f4ng gi\u1eef \u1ee9ng l\u1ef1c t\u1ea5m t\u01b0\u1eddng Nucewall &nbsp; M\u00f3ng ch\u1eadu: M\u00f3ng ch\u1eadu \u0111\u01b0\u1ee3c \u0111\u00fac t\u1eeb b\u00ea t\u00f4ng M\u00e1c 250, s\u1eed d\u1ee5ng khung th\u00e9p D6, l\u1ed7 ch\u1edd c\u1ed9t gi\u1eef \u1ee9ng l\u1ef1c k\u00edch th\u01b0\u1edbc 240x220mm: &nbsp; C\u1ed9t b\u00ea t\u00f4ng...","og_url":"http:\/\/code.webrt.net\/nucewall\/san-pham\/tam-chong-nong-chinh-hang-viet-nam-8\/","og_site_name":"C\u00d4NG TY C\u1ed4 PH\u1ea6N T\u01af\u1edcNG NH\u1eb8 NUCEWALL","article_modified_time":"2026-02-26T02:42:17+00:00","og_image":[{"width":1218,"height":960,"url":"http:\/\/code.webrt.net\/nucewall\/wp-content\/uploads\/2026\/01\/z4994819567716_a03949627044e12e84c183160417281e-e1772073717488.jpg","type":"image\/jpeg"}],"twitter_card":"summary_large_image","twitter_misc":{"\u01af\u1edbc t\u00ednh th\u1eddi gian \u0111\u1ecdc":"9 ph\u00fat"},"schema":{"@context":"https:\/\/schema.org","@graph":[{"@type":"WebPage","@id":"http:\/\/code.webrt.net\/nucewall\/san-pham\/tam-chong-nong-chinh-hang-viet-nam-8\/","url":"http:\/\/code.webrt.net\/nucewall\/san-pham\/tam-chong-nong-chinh-hang-viet-nam-8\/","name":"Gi\u1ea3i ph\u00e1p t\u01b0\u1eddng r\u00e0o l\u1eafp gh\u00e9p Nucewall - C\u00d4NG TY C\u1ed4 PH\u1ea6N T\u01af\u1edcNG NH\u1eb8 NUCEWALL","isPartOf":{"@id":"http:\/\/code.webrt.net\/nucewall\/#website"},"primaryImageOfPage":{"@id":"http:\/\/code.webrt.net\/nucewall\/san-pham\/tam-chong-nong-chinh-hang-viet-nam-8\/#primaryimage"},"image":{"@id":"http:\/\/code.webrt.net\/nucewall\/san-pham\/tam-chong-nong-chinh-hang-viet-nam-8\/#primaryimage"},"thumbnailUrl":"http:\/\/code.webrt.net\/nucewall\/wp-content\/uploads\/2026\/01\/z4994819567716_a03949627044e12e84c183160417281e-e1772073717488.jpg","datePublished":"2026-01-09T03:30:09+00:00","dateModified":"2026-02-26T02:42:17+00:00","breadcrumb":{"@id":"http:\/\/code.webrt.net\/nucewall\/san-pham\/tam-chong-nong-chinh-hang-viet-nam-8\/#breadcrumb"},"inLanguage":"vi","potentialAction":[{"@type":"ReadAction","target":["http:\/\/code.webrt.net\/nucewall\/san-pham\/tam-chong-nong-chinh-hang-viet-nam-8\/"]}]},{"@type":"ImageObject","inLanguage":"vi","@id":"http:\/\/code.webrt.net\/nucewall\/san-pham\/tam-chong-nong-chinh-hang-viet-nam-8\/#primaryimage","url":"http:\/\/code.webrt.net\/nucewall\/wp-content\/uploads\/2026\/01\/z4994819567716_a03949627044e12e84c183160417281e-e1772073717488.jpg","contentUrl":"http:\/\/code.webrt.net\/nucewall\/wp-content\/uploads\/2026\/01\/z4994819567716_a03949627044e12e84c183160417281e-e1772073717488.jpg","width":1218,"height":960},{"@type":"BreadcrumbList","@id":"http:\/\/code.webrt.net\/nucewall\/san-pham\/tam-chong-nong-chinh-hang-viet-nam-8\/#breadcrumb","itemListElement":[{"@type":"ListItem","position":1,"name":"Trang ch\u1ee7","item":"http:\/\/code.webrt.net\/nucewall\/"},{"@type":"ListItem","position":2,"name":"S\u1ea3n ph\u1ea9m","item":"http:\/\/code.webrt.net\/nucewall\/san-pham\/"},{"@type":"ListItem","position":3,"name":"T\u01b0\u1eddng r\u00e0o l\u1eafp gh\u00e9p Nucewall","item":"http:\/\/code.webrt.net\/nucewall\/danh-muc-san-pham\/tuong-rao-lap-ghep-nucewall\/"},{"@type":"ListItem","position":4,"name":"Gi\u1ea3i ph\u00e1p t\u01b0\u1eddng r\u00e0o l\u1eafp gh\u00e9p Nucewall"}]},{"@type":"WebSite","@id":"http:\/\/code.webrt.net\/nucewall\/#website","url":"http:\/\/code.webrt.net\/nucewall\/","name":"C\u00d4NG TY C\u1ed4 PH\u1ea6N T\u01af\u1edcNG NH\u1eb8 NUCEWALL","description":"","potentialAction":[{"@type":"SearchAction","target":{"@type":"EntryPoint","urlTemplate":"http:\/\/code.webrt.net\/nucewall\/?s={search_term_string}"},"query-input":{"@type":"PropertyValueSpecification","valueRequired":true,"valueName":"search_term_string"}}],"inLanguage":"vi"}]}},"_links":{"self":[{"href":"http:\/\/code.webrt.net\/nucewall\/wp-json\/wp\/v2\/product\/182","targetHints":{"allow":["GET"]}}],"collection":[{"href":"http:\/\/code.webrt.net\/nucewall\/wp-json\/wp\/v2\/product"}],"about":[{"href":"http:\/\/code.webrt.net\/nucewall\/wp-json\/wp\/v2\/types\/product"}],"replies":[{"embeddable":true,"href":"http:\/\/code.webrt.net\/nucewall\/wp-json\/wp\/v2\/comments?post=182"}],"wp:featuredmedia":[{"embeddable":true,"href":"http:\/\/code.webrt.net\/nucewall\/wp-json\/wp\/v2\/media\/586"}],"wp:attachment":[{"href":"http:\/\/code.webrt.net\/nucewall\/wp-json\/wp\/v2\/media?parent=182"}],"wp:term":[{"taxonomy":"product_brand","embeddable":true,"href":"http:\/\/code.webrt.net\/nucewall\/wp-json\/wp\/v2\/product_brand?post=182"},{"taxonomy":"product_cat","embeddable":true,"href":"http:\/\/code.webrt.net\/nucewall\/wp-json\/wp\/v2\/product_cat?post=182"},{"taxonomy":"product_tag","embeddable":true,"href":"http:\/\/code.webrt.net\/nucewall\/wp-json\/wp\/v2\/product_tag?post=182"}],"curies":[{"name":"wp","href":"https:\/\/api.w.org\/{rel}","templated":true}]}}