{"id":519,"date":"2026-01-22T09:16:32","date_gmt":"2026-01-22T09:16:32","guid":{"rendered":"https:\/\/code.webrt.net\/nucewall\/?page_id=519"},"modified":"2026-01-30T04:49:32","modified_gmt":"2026-01-30T04:49:32","slug":"ban-lanh-dao","status":"publish","type":"page","link":"http:\/\/code.webrt.net\/nucewall\/gioi-thieu\/ban-lanh-dao\/","title":{"rendered":"Ban L\u00e3nh \u0110\u1ea1o"},"content":{"rendered":"<h4><strong>1.Ch\u1ee7 t\u1ecbch H\u0110QT\u00a0H\u00e0n Ng\u1ecdc \u0110\u1ee9c<\/strong><\/h4>\n<p><img loading=\"lazy\" decoding=\"async\" class=\"aligncenter size-full wp-image-561\" src=\"http:\/\/code.webrt.net\/nucewall\/wp-content\/uploads\/2026\/01\/screenshot_1684206808-300x276-1.png\" alt=\"\" width=\"300\" height=\"276\" \/><\/p>\n<p>&nbsp;<\/p>\n<p>Hi\u1ec7n nay, Ch\u1ee7 t\u1ecbch H\u00e0n Ng\u1ecdc \u0110\u1ee9c l\u00e0 Ph\u00f3 ch\u1ee7 nhi\u1ec7m B\u1ed9 m\u00f4n C\u00f4ng tr\u00ecnh Th\u00e9p \u2013 G\u1ed7, Tr\u01b0\u1eddng \u0110\u1ea1i h\u1ecdc X\u00e2y d\u1ef1ng H\u00e0 N\u1ed9i (HUCE).<\/p>\n<p>\u00d4ng l\u00e0 th\u1ea7y gi\u00e1o c\u1ee7a nhi\u1ec1u th\u1ebf h\u1ec7 k\u1ef9 s\u01b0, nh\u00e0 doanh nh\u00e2n c\u00f3 g\u1ea7n 20 n\u0103m kinh nghi\u1ec7m trong ng\u00e0nh x\u00e2y d\u1ef1ng. N\u0103m 1999, sau khi t\u1ed1t nghi\u1ec7p chuy\u00ean ng\u00e0nh k\u1ef9 s\u01b0 x\u00e2y d\u1ef1ng d\u00e2n d\u1ee5ng v\u00e0 c\u00f4ng nghi\u1ec7p, v\u1edbi k\u1ebft qu\u1ea3 h\u1ecdc t\u1eadp xu\u1ea5t s\u1eafc, \u00f4ng \u0111\u00e3 \u0111\u01b0\u1ee3c gi\u1eef l\u1ea1i tr\u01b0\u1eddng v\u00e0 c\u00f4ng t\u00e1c v\u1edbi nhi\u1ec7m v\u1ee5 gi\u1ea3ng d\u1ea1y t\u1ea1i Tr\u01b0\u1eddng \u0110\u1ea1i h\u1ecdc X\u00e2y d\u1ef1ng H\u00e0 N\u1ed9i.<\/p>\n<p>L\u00e0 nh\u00e0 s\u00e1ng l\u1eadp c\u1ee7a C\u00f4ng ty C\u1ed5 ph\u1ea7n T\u01b0\u1eddng nh\u1eb9 Nucewall (ti\u1ec1n th\u00e2n l\u00e0 Constechco.,Jsc), \u00f4ng H\u00e0n Ng\u1ecdc \u0110\u1ee9c hi\u1ec7n gi\u1eef ch\u1ee9c v\u1ee5 Ch\u1ee7 t\u1ecbch H\u0110QT c\u00f4ng ty. Trong qu\u00e1 tr\u00ecnh x\u00e2y d\u1ef1ng v\u00e0 ph\u00e1t tri\u1ec3n c\u00f4ng ty, \u00f4ng \u0110\u1ee9c lu\u00f4n l\u00e0 c\u00e1nh chim \u0111\u1ea7u \u0111\u00e0n d\u1eabn b\u01b0\u1edbc Nucewall ng\u00e0y m\u1ed9t ho\u00e0n thi\u1ec7n v\u00e0 v\u1eefng m\u1ea1nh h\u01a1n.<\/p>\n<h4><strong>2. Gi\u00e1m \u0111\u1ed1c\u00a0V\u0169 Kh\u1eafc Chinh<\/strong><\/h4>\n<p><img loading=\"lazy\" decoding=\"async\" class=\"aligncenter size-full wp-image-562\" src=\"http:\/\/code.webrt.net\/nucewall\/wp-content\/uploads\/2026\/01\/screenshot_1684206730.png\" alt=\"\" width=\"286\" height=\"331\" srcset=\"http:\/\/code.webrt.net\/nucewall\/wp-content\/uploads\/2026\/01\/screenshot_1684206730.png 286w, http:\/\/code.webrt.net\/nucewall\/wp-content\/uploads\/2026\/01\/screenshot_1684206730-259x300.png 259w\" sizes=\"auto, (max-width: 286px) 100vw, 286px\" \/><\/p>\n<p>&nbsp;<\/p>\n<p>G\u1eafn b\u00f3 v\u1edbi Constechco.,Jsc (ti\u1ec1n th\u00e2n c\u1ee7a c\u00f4ng ty Nucewall) ngay t\u1eeb nh\u1eefng ng\u00e0y \u0111\u1ea7u th\u00e0nh l\u1eadp, \u00f4ng V\u0169 Kh\u1eafc Chinh hi\u1ec3u r\u1ea5t r\u00f5 nh\u1eefng kh\u00f3 kh\u0103n, nh\u1eefng th\u0103ng tr\u1ea7m c\u1ee7a c\u00f4ng ty n\u00f3i ri\u00eang c\u0169ng nh\u01b0 nh\u1eefng thay \u0111\u1ed5i c\u1ee7a ng\u00e0nh x\u00e2y d\u1ef1ng Vi\u1ec7t Nam n\u00f3i chung. Nh\u1eefng tr\u1ea3i nghi\u1ec7m qu\u00fd gi\u00e1 \u0111\u00f3 \u0111\u00e3 gi\u00fap \u00d4ng g\u00f3p ph\u1ea7n x\u00e2y d\u1ef1ng v\u00e0 ph\u00e1t tri\u1ec3n c\u00f4ng ty th\u00e0nh c\u00f4ng nh\u01b0 ng\u00e0y h\u00f4m nay.<\/p>\n<p>\u00d4ng V\u0169 Kh\u1eafc Chinh hi\u1ec7n l\u00e0 Gi\u00e1m \u0111\u1ed1c C\u00f4ng ty C\u1ed5 ph\u1ea7n T\u01b0\u1eddng nh\u1eb9 Nucewall v\u1edbi nhi\u1ec1u n\u0103m kinh nghi\u1ec7m v\u00e0 chuy\u00ean m\u00f4n k\u1ef9 thu\u1eadt cao trong l\u0129nh v\u1ef1c thi c\u00f4ng x\u00e2y d\u1ef1ng.<\/p>\n<h4><strong>3. Ph\u00f3 Gi\u00e1m \u0111\u1ed1c t\u00e0i ch\u00ednh\u00a0Nguy\u1ec5n H\u1ea3i Y\u1ebfn<\/strong><\/h4>\n<p>&nbsp;<\/p>\n<p><img loading=\"lazy\" decoding=\"async\" class=\"aligncenter size-full wp-image-564\" src=\"http:\/\/code.webrt.net\/nucewall\/wp-content\/uploads\/2026\/01\/screenshot_1684205993.png\" alt=\"\" width=\"186\" height=\"252\" \/><\/p>\n<p>N\u1eef Ph\u00f3 Gi\u00e1m \u0111\u1ed1c \u0111\u1ea7u ti\u00ean c\u1ee7a C\u00f4ng ty Nucewall, l\u00e0 ng\u01b0\u1eddi c\u00f3 kinh nghi\u1ec7m s\u00e2u r\u1ed9ng v\u1ec1 t\u00e0i ch\u00ednh, \u0111\u1ea7u t\u01b0 v\u00e0 v\u1eadn h\u00e0nh kinh doanh. B\u00e0 t\u1ed1t nghi\u1ec7p tr\u01b0\u1eddng \u0111\u1ea1i h\u1ecdc chuy\u00ean ng\u00e0nh v\u1ec1 t\u00e0i ch\u00ednh \u2013 k\u1ebf to\u00e1n v\u00e0 \u0111\u00e3 t\u1eebng gi\u1eef nhi\u1ec1u ch\u1ee9c v\u1ee5 quan tr\u1ecdng trong c\u00f4ng ty nh\u01b0 K\u1ebf to\u00e1n tr\u01b0\u1edfng.<\/p>\n<p>V\u1edbi nh\u1eefng \u0111\u1ee9c t\u00ednh th\u1eadt th\u00e0, trung th\u1ef1c, t\u1ec9 m\u1ec9,\u2026 Trong su\u1ed1t nh\u1eefng n\u0103m qua, b\u00e0 Y\u1ebfn \u0111\u00e3 ch\u1ee9ng t\u1ecf \u0111\u01b0\u1ee3c n\u0103ng l\u1ef1c chuy\u00ean m\u00f4n c\u0169ng nh\u01b0 \u0111\u1ea1o \u0111\u1ee9c ngh\u1ec1 nghi\u1ec7p v\u00e0 nh\u1eadn \u0111\u01b0\u1ee3c s\u1ef1 t\u00edn nhi\u1ec7m tuy\u1ec7t \u0111\u1ed1i t\u1eeb Ban Gi\u00e1m \u0111\u1ed1c.<\/p>\n<p>&nbsp;<\/p>\n<h4><strong>II. KH\u1ed0I PH\u00c1T TRI\u1ec2N KINH DOANH<\/strong><\/h4>\n<h4><strong>1. \u00d4ng\u00a0\u0110\u1ed7 Thanh T\u00f9ng\u00a0\u2013 Gi\u00e1m \u0111\u1ed1c kinh doanh (Tel: 0902 192 389)<\/strong><\/h4>\n<p><img loading=\"lazy\" decoding=\"async\" class=\"aligncenter size-full wp-image-565\" src=\"http:\/\/code.webrt.net\/nucewall\/wp-content\/uploads\/2026\/01\/screenshot_1684206536.png\" alt=\"\" width=\"245\" height=\"370\" srcset=\"http:\/\/code.webrt.net\/nucewall\/wp-content\/uploads\/2026\/01\/screenshot_1684206536.png 245w, http:\/\/code.webrt.net\/nucewall\/wp-content\/uploads\/2026\/01\/screenshot_1684206536-199x300.png 199w\" sizes=\"auto, (max-width: 245px) 100vw, 245px\" \/><\/p>\n<p>&nbsp;<\/p>\n<p>\u00d4ng \u0110\u1ed7 Thanh T\u00f9ng g\u1eafn b\u00f3 v\u1edbi C\u00f4ng ty Nucewall t\u1eeb nh\u1eefng ng\u00e0y \u0111\u1ea7u th\u00e0nh l\u1eadp v\u00e0 \u0111\u1ed3ng h\u00e0nh c\u00f9ng s\u1ef1 ph\u00e1t tri\u1ec3n c\u1ee7a c\u00f4ng ty trong su\u1ed1t th\u1eddi gian d\u00e0i. Sau khi t\u1ed1t nghi\u1ec7p \u0110\u1ea1i h\u1ecdc X\u00e2y d\u1ef1ng n\u0103m 2012, \u00f4ng \u0110\u1ed7 Thanh T\u00f9ng \u0111\u00e3 v\u1ec1 c\u00f4ng t\u00e1c t\u1ea1i c\u00e1c c\u00f4ng ty thu\u1ed9c h\u1ec7 th\u1ed1ng ti\u1ec1n th\u00e2n c\u1ee7a Nucewall v\u00e0 sau n\u00e0y tr\u1ef1c ti\u1ebfp l\u00e0 C\u00f4ng ty Nucewall. B\u1eb1ng s\u1ef1 n\u1ed7 l\u1ef1c v\u00e0 kh\u00f4ng ng\u1eebng h\u1ecdc h\u1ecfi c\u1ea3 v\u1ec1 chuy\u00ean m\u00f4n k\u1ef9 thu\u1eadt c\u0169ng nh\u01b0 l\u0129nh v\u1ef1c kinh doanh, \u00f4ng \u0111\u00e3 \u0111\u01b0\u1ee3c c\u00f4ng ty b\u1ed5 nhi\u1ec7m ch\u1ee9c v\u1ee5 Gi\u00e1m \u0111\u1ed1c kinh doanh \u0111\u01b0\u1ee3c giao ph\u1ee5 tr\u00e1ch h\u1ec7 th\u1ed1ng ph\u00e2n ph\u1ed1i v\u00e0 c\u00e1c d\u1ef1 \u00e1n c\u1ee7a c\u00f4ng ty.<\/p>\n<h4>2<strong>. \u00d4ng\u00a0Nguy\u1ec5n \u0110\u1ee9c D\u0169ng\u00a0\u2013 Tr\u01b0\u1edfng ph\u00f2ng kinh doanh (Tel: 0986 464 431)<\/strong><\/h4>\n<p><img loading=\"lazy\" decoding=\"async\" class=\"aligncenter size-full wp-image-566\" src=\"http:\/\/code.webrt.net\/nucewall\/wp-content\/uploads\/2026\/01\/screenshot_1684215513.png\" alt=\"\" width=\"312\" height=\"354\" srcset=\"http:\/\/code.webrt.net\/nucewall\/wp-content\/uploads\/2026\/01\/screenshot_1684215513.png 312w, http:\/\/code.webrt.net\/nucewall\/wp-content\/uploads\/2026\/01\/screenshot_1684215513-264x300.png 264w\" sizes=\"auto, (max-width: 312px) 100vw, 312px\" \/><\/p>\n<p>&nbsp;<\/p>\n<p>\u00d4ng Nguy\u1ec5n \u0110\u1ee9c D\u0169ng t\u1ed1t nghi\u1ec7p k\u1ef9 s\u01b0 khoa c\u00f4ng tr\u00ecnh, tr\u01b0\u1eddng \u0110\u1ea1i h\u1ecdc Thu\u1ef7 l\u1ee3i, l\u00e0 ng\u01b0\u1eddi c\u00f3 kinh nghi\u1ec7m trong l\u0129nh v\u1ef1c x\u00e2y d\u1ef1ng, t\u1eebng l\u00e0m vi\u1ec7c t\u1ea1i doanh nghi\u1ec7p l\u1edbn nh\u01b0 T\u1ed5ng c\u00f4ng ty S\u00f4ng \u0110\u00e0 tr\u1ef1c ti\u1ebfp thi c\u00f4ng nhi\u1ec1u d\u1ef1 \u00e1n nh\u01b0 D\u1ef1 \u00e1n K\u0110T m\u1edbi V\u0103n Kh\u00ea, K\u0110T m\u1edbi D\u01b0\u01a1ng N\u1ed9i. Ngo\u00e0i ra, \u00f4ng c\u0169ng c\u00f3 r\u1ea5t nhi\u1ec1u kinh nghi\u1ec7m trong vi\u1ec7c qu\u1ea3n l\u00fd v\u00e0 \u0111i\u1ec1u h\u00e0nh doanh nghi\u1ec7p ri\u00eang v\u1ec1 x\u00e2y d\u1ef1ng tr\u1ecdn g\u00f3i t\u1eeb n\u0103m 2012 \u0111\u1ebfn nay.<\/p>\n<p>V\u1edbi nh\u1eefng kinh nghi\u1ec7m v\u00e0 s\u1ef1 t\u00e2m huy\u1ebft v\u1edbi s\u1ea3n ph\u1ea9m Nucewall, \u00f4ng D\u0169ng \u0111\u00e3 ch\u00ednh th\u1ee9c \u0111\u01b0\u1ee3c Ban l\u00e3nh \u0111\u1ea1o Nucewall giao ph\u1ee5 tr\u00e1ch ph\u00f2ng kinh doanh v\u1edbi nhi\u1ec7m v\u1ee5 ph\u00e1t tri\u1ec3n h\u1ec7 th\u1ed1ng ph\u00e2n ph\u1ed1i v\u00e0 th\u01b0\u01a1ng m\u1ea1i ho\u00e1 s\u1ea3n ph\u1ea9m Nucewall.<\/p>\n","protected":false},"excerpt":{"rendered":"<p>1.Ch\u1ee7 t\u1ecbch H\u0110QT\u00a0H\u00e0n Ng\u1ecdc \u0110\u1ee9c &nbsp; Hi\u1ec7n nay, Ch\u1ee7 t\u1ecbch H\u00e0n Ng\u1ecdc \u0110\u1ee9c l\u00e0 Ph\u00f3 ch\u1ee7 nhi\u1ec7m B\u1ed9 m\u00f4n C\u00f4ng tr\u00ecnh Th\u00e9p \u2013 G\u1ed7, Tr\u01b0\u1eddng \u0110\u1ea1i h\u1ecdc X\u00e2y d\u1ef1ng H\u00e0 N\u1ed9i (HUCE). \u00d4ng l\u00e0 th\u1ea7y gi\u00e1o c\u1ee7a nhi\u1ec1u th\u1ebf h\u1ec7 k\u1ef9 s\u01b0, nh\u00e0 doanh nh\u00e2n c\u00f3 g\u1ea7n 20 n\u0103m kinh nghi\u1ec7m trong ng\u00e0nh x\u00e2y d\u1ef1ng&#8230;.<\/p>\n","protected":false},"author":1,"featured_media":0,"parent":211,"menu_order":0,"comment_status":"closed","ping_status":"closed","template":"","meta":{"footnotes":""},"class_list":["post-519","page","type-page","status-publish","hentry"],"yoast_head":"<!-- This site is optimized with the Yoast SEO plugin v26.7 - https:\/\/yoast.com\/wordpress\/plugins\/seo\/ -->\n<title>Ban L\u00e3nh \u0110\u1ea1o - C\u00d4NG TY C\u1ed4 PH\u1ea6N T\u01af\u1edcNG NH\u1eb8 NUCEWALL<\/title>\n<meta name=\"robots\" content=\"noindex, follow, max-snippet:-1, max-image-preview:large, max-video-preview:-1\" \/>\n<meta property=\"og:locale\" content=\"vi_VN\" \/>\n<meta property=\"og:type\" content=\"article\" \/>\n<meta property=\"og:title\" content=\"Ban L\u00e3nh \u0110\u1ea1o - C\u00d4NG TY C\u1ed4 PH\u1ea6N T\u01af\u1edcNG NH\u1eb8 NUCEWALL\" \/>\n<meta property=\"og:description\" content=\"1.Ch\u1ee7 t\u1ecbch H\u0110QT\u00a0H\u00e0n Ng\u1ecdc \u0110\u1ee9c &nbsp; Hi\u1ec7n nay, Ch\u1ee7 t\u1ecbch H\u00e0n Ng\u1ecdc \u0110\u1ee9c l\u00e0 Ph\u00f3 ch\u1ee7 nhi\u1ec7m B\u1ed9 m\u00f4n C\u00f4ng tr\u00ecnh Th\u00e9p \u2013 G\u1ed7, Tr\u01b0\u1eddng \u0110\u1ea1i h\u1ecdc X\u00e2y d\u1ef1ng H\u00e0 N\u1ed9i (HUCE). \u00d4ng l\u00e0 th\u1ea7y gi\u00e1o c\u1ee7a nhi\u1ec1u th\u1ebf h\u1ec7 k\u1ef9 s\u01b0, nh\u00e0 doanh nh\u00e2n c\u00f3 g\u1ea7n 20 n\u0103m kinh nghi\u1ec7m trong ng\u00e0nh x\u00e2y d\u1ef1ng....\" \/>\n<meta property=\"og:url\" content=\"http:\/\/code.webrt.net\/nucewall\/gioi-thieu\/ban-lanh-dao\/\" \/>\n<meta property=\"og:site_name\" content=\"C\u00d4NG TY C\u1ed4 PH\u1ea6N T\u01af\u1edcNG NH\u1eb8 NUCEWALL\" \/>\n<meta property=\"article:modified_time\" content=\"2026-01-30T04:49:32+00:00\" \/>\n<meta property=\"og:image\" content=\"http:\/\/code.webrt.net\/nucewall\/wp-content\/uploads\/2026\/01\/screenshot_1684206808-300x276-1.png\" \/>\n<meta name=\"twitter:card\" content=\"summary_large_image\" \/>\n<meta name=\"twitter:label1\" content=\"\u01af\u1edbc t\u00ednh th\u1eddi gian \u0111\u1ecdc\" \/>\n\t<meta name=\"twitter:data1\" content=\"5 ph\u00fat\" \/>\n<script type=\"application\/ld+json\" class=\"yoast-schema-graph\">{\"@context\":\"https:\/\/schema.org\",\"@graph\":[{\"@type\":\"WebPage\",\"@id\":\"http:\/\/code.webrt.net\/nucewall\/gioi-thieu\/ban-lanh-dao\/\",\"url\":\"http:\/\/code.webrt.net\/nucewall\/gioi-thieu\/ban-lanh-dao\/\",\"name\":\"Ban L\u00e3nh \u0110\u1ea1o - C\u00d4NG TY C\u1ed4 PH\u1ea6N T\u01af\u1edcNG NH\u1eb8 NUCEWALL\",\"isPartOf\":{\"@id\":\"http:\/\/code.webrt.net\/nucewall\/#website\"},\"primaryImageOfPage\":{\"@id\":\"http:\/\/code.webrt.net\/nucewall\/gioi-thieu\/ban-lanh-dao\/#primaryimage\"},\"image\":{\"@id\":\"http:\/\/code.webrt.net\/nucewall\/gioi-thieu\/ban-lanh-dao\/#primaryimage\"},\"thumbnailUrl\":\"http:\/\/code.webrt.net\/nucewall\/wp-content\/uploads\/2026\/01\/screenshot_1684206808-300x276-1.png\",\"datePublished\":\"2026-01-22T09:16:32+00:00\",\"dateModified\":\"2026-01-30T04:49:32+00:00\",\"breadcrumb\":{\"@id\":\"http:\/\/code.webrt.net\/nucewall\/gioi-thieu\/ban-lanh-dao\/#breadcrumb\"},\"inLanguage\":\"vi\",\"potentialAction\":[{\"@type\":\"ReadAction\",\"target\":[\"http:\/\/code.webrt.net\/nucewall\/gioi-thieu\/ban-lanh-dao\/\"]}]},{\"@type\":\"ImageObject\",\"inLanguage\":\"vi\",\"@id\":\"http:\/\/code.webrt.net\/nucewall\/gioi-thieu\/ban-lanh-dao\/#primaryimage\",\"url\":\"http:\/\/code.webrt.net\/nucewall\/wp-content\/uploads\/2026\/01\/screenshot_1684206808-300x276-1.png\",\"contentUrl\":\"http:\/\/code.webrt.net\/nucewall\/wp-content\/uploads\/2026\/01\/screenshot_1684206808-300x276-1.png\",\"width\":300,\"height\":276},{\"@type\":\"BreadcrumbList\",\"@id\":\"http:\/\/code.webrt.net\/nucewall\/gioi-thieu\/ban-lanh-dao\/#breadcrumb\",\"itemListElement\":[{\"@type\":\"ListItem\",\"position\":1,\"name\":\"Trang ch\u1ee7\",\"item\":\"http:\/\/code.webrt.net\/nucewall\/\"},{\"@type\":\"ListItem\",\"position\":2,\"name\":\"Gi\u1edbi thi\u1ec7u\",\"item\":\"http:\/\/code.webrt.net\/nucewall\/gioi-thieu\/\"},{\"@type\":\"ListItem\",\"position\":3,\"name\":\"Ban L\u00e3nh \u0110\u1ea1o\"}]},{\"@type\":\"WebSite\",\"@id\":\"http:\/\/code.webrt.net\/nucewall\/#website\",\"url\":\"http:\/\/code.webrt.net\/nucewall\/\",\"name\":\"C\u00d4NG TY C\u1ed4 PH\u1ea6N T\u01af\u1edcNG NH\u1eb8 NUCEWALL\",\"description\":\"\",\"potentialAction\":[{\"@type\":\"SearchAction\",\"target\":{\"@type\":\"EntryPoint\",\"urlTemplate\":\"http:\/\/code.webrt.net\/nucewall\/?s={search_term_string}\"},\"query-input\":{\"@type\":\"PropertyValueSpecification\",\"valueRequired\":true,\"valueName\":\"search_term_string\"}}],\"inLanguage\":\"vi\"}]}<\/script>\n<!-- \/ Yoast SEO plugin. -->","yoast_head_json":{"title":"Ban L\u00e3nh \u0110\u1ea1o - C\u00d4NG TY C\u1ed4 PH\u1ea6N T\u01af\u1edcNG NH\u1eb8 NUCEWALL","robots":{"index":"noindex","follow":"follow","max-snippet":"max-snippet:-1","max-image-preview":"max-image-preview:large","max-video-preview":"max-video-preview:-1"},"og_locale":"vi_VN","og_type":"article","og_title":"Ban L\u00e3nh \u0110\u1ea1o - C\u00d4NG TY C\u1ed4 PH\u1ea6N T\u01af\u1edcNG NH\u1eb8 NUCEWALL","og_description":"1.Ch\u1ee7 t\u1ecbch H\u0110QT\u00a0H\u00e0n Ng\u1ecdc \u0110\u1ee9c &nbsp; Hi\u1ec7n nay, Ch\u1ee7 t\u1ecbch H\u00e0n Ng\u1ecdc \u0110\u1ee9c l\u00e0 Ph\u00f3 ch\u1ee7 nhi\u1ec7m B\u1ed9 m\u00f4n C\u00f4ng tr\u00ecnh Th\u00e9p \u2013 G\u1ed7, Tr\u01b0\u1eddng \u0110\u1ea1i h\u1ecdc X\u00e2y d\u1ef1ng H\u00e0 N\u1ed9i (HUCE). \u00d4ng l\u00e0 th\u1ea7y gi\u00e1o c\u1ee7a nhi\u1ec1u th\u1ebf h\u1ec7 k\u1ef9 s\u01b0, nh\u00e0 doanh nh\u00e2n c\u00f3 g\u1ea7n 20 n\u0103m kinh nghi\u1ec7m trong ng\u00e0nh x\u00e2y d\u1ef1ng....","og_url":"http:\/\/code.webrt.net\/nucewall\/gioi-thieu\/ban-lanh-dao\/","og_site_name":"C\u00d4NG TY C\u1ed4 PH\u1ea6N T\u01af\u1edcNG NH\u1eb8 NUCEWALL","article_modified_time":"2026-01-30T04:49:32+00:00","og_image":[{"url":"http:\/\/code.webrt.net\/nucewall\/wp-content\/uploads\/2026\/01\/screenshot_1684206808-300x276-1.png","type":"","width":"","height":""}],"twitter_card":"summary_large_image","twitter_misc":{"\u01af\u1edbc t\u00ednh th\u1eddi gian \u0111\u1ecdc":"5 ph\u00fat"},"schema":{"@context":"https:\/\/schema.org","@graph":[{"@type":"WebPage","@id":"http:\/\/code.webrt.net\/nucewall\/gioi-thieu\/ban-lanh-dao\/","url":"http:\/\/code.webrt.net\/nucewall\/gioi-thieu\/ban-lanh-dao\/","name":"Ban L\u00e3nh \u0110\u1ea1o - C\u00d4NG TY C\u1ed4 PH\u1ea6N T\u01af\u1edcNG NH\u1eb8 NUCEWALL","isPartOf":{"@id":"http:\/\/code.webrt.net\/nucewall\/#website"},"primaryImageOfPage":{"@id":"http:\/\/code.webrt.net\/nucewall\/gioi-thieu\/ban-lanh-dao\/#primaryimage"},"image":{"@id":"http:\/\/code.webrt.net\/nucewall\/gioi-thieu\/ban-lanh-dao\/#primaryimage"},"thumbnailUrl":"http:\/\/code.webrt.net\/nucewall\/wp-content\/uploads\/2026\/01\/screenshot_1684206808-300x276-1.png","datePublished":"2026-01-22T09:16:32+00:00","dateModified":"2026-01-30T04:49:32+00:00","breadcrumb":{"@id":"http:\/\/code.webrt.net\/nucewall\/gioi-thieu\/ban-lanh-dao\/#breadcrumb"},"inLanguage":"vi","potentialAction":[{"@type":"ReadAction","target":["http:\/\/code.webrt.net\/nucewall\/gioi-thieu\/ban-lanh-dao\/"]}]},{"@type":"ImageObject","inLanguage":"vi","@id":"http:\/\/code.webrt.net\/nucewall\/gioi-thieu\/ban-lanh-dao\/#primaryimage","url":"http:\/\/code.webrt.net\/nucewall\/wp-content\/uploads\/2026\/01\/screenshot_1684206808-300x276-1.png","contentUrl":"http:\/\/code.webrt.net\/nucewall\/wp-content\/uploads\/2026\/01\/screenshot_1684206808-300x276-1.png","width":300,"height":276},{"@type":"BreadcrumbList","@id":"http:\/\/code.webrt.net\/nucewall\/gioi-thieu\/ban-lanh-dao\/#breadcrumb","itemListElement":[{"@type":"ListItem","position":1,"name":"Trang ch\u1ee7","item":"http:\/\/code.webrt.net\/nucewall\/"},{"@type":"ListItem","position":2,"name":"Gi\u1edbi thi\u1ec7u","item":"http:\/\/code.webrt.net\/nucewall\/gioi-thieu\/"},{"@type":"ListItem","position":3,"name":"Ban L\u00e3nh \u0110\u1ea1o"}]},{"@type":"WebSite","@id":"http:\/\/code.webrt.net\/nucewall\/#website","url":"http:\/\/code.webrt.net\/nucewall\/","name":"C\u00d4NG TY C\u1ed4 PH\u1ea6N T\u01af\u1edcNG NH\u1eb8 NUCEWALL","description":"","potentialAction":[{"@type":"SearchAction","target":{"@type":"EntryPoint","urlTemplate":"http:\/\/code.webrt.net\/nucewall\/?s={search_term_string}"},"query-input":{"@type":"PropertyValueSpecification","valueRequired":true,"valueName":"search_term_string"}}],"inLanguage":"vi"}]}},"_links":{"self":[{"href":"http:\/\/code.webrt.net\/nucewall\/wp-json\/wp\/v2\/pages\/519","targetHints":{"allow":["GET"]}}],"collection":[{"href":"http:\/\/code.webrt.net\/nucewall\/wp-json\/wp\/v2\/pages"}],"about":[{"href":"http:\/\/code.webrt.net\/nucewall\/wp-json\/wp\/v2\/types\/page"}],"author":[{"embeddable":true,"href":"http:\/\/code.webrt.net\/nucewall\/wp-json\/wp\/v2\/users\/1"}],"replies":[{"embeddable":true,"href":"http:\/\/code.webrt.net\/nucewall\/wp-json\/wp\/v2\/comments?post=519"}],"version-history":[{"count":5,"href":"http:\/\/code.webrt.net\/nucewall\/wp-json\/wp\/v2\/pages\/519\/revisions"}],"predecessor-version":[{"id":567,"href":"http:\/\/code.webrt.net\/nucewall\/wp-json\/wp\/v2\/pages\/519\/revisions\/567"}],"up":[{"embeddable":true,"href":"http:\/\/code.webrt.net\/nucewall\/wp-json\/wp\/v2\/pages\/211"}],"wp:attachment":[{"href":"http:\/\/code.webrt.net\/nucewall\/wp-json\/wp\/v2\/media?parent=519"}],"curies":[{"name":"wp","href":"https:\/\/api.w.org\/{rel}","templated":true}]}}